{"id":2,"date":"2019-06-25T20:19:16","date_gmt":"2019-06-25T18:19:16","guid":{"rendered":"http:\/\/apartmanygoral.sk\/?page_id=2"},"modified":"2023-03-14T10:58:32","modified_gmt":"2023-03-14T09:58:32","slug":"ukazka-strany","status":"publish","type":"page","link":"https:\/\/apartmanygoral.sk\/","title":{"rendered":"Apartm\u00e1ny Goral"},"content":{"rendered":"\n<p> <em><strong>V\u00edtame v\u00e1s na str\u00e1nkach Apartm\u00e1nov\u00fd dom \u201eGoral\u201c \u2013 Ubytovanie v Oraviciach, ktor\u00fd v\u00e1m pon\u00faka  ubytovanie v prekr\u00e1snom prostred\u00ed Oravsk\u00fdch h\u00f4r s obrovsk\u00fdmi mo\u017enos\u0165ami z\u00e1bavy, relaxu \u010di \u0161portu.<\/strong><\/em><br><strong>Pre\u010do by ste sa mali ubytova\u0165 pr\u00e1ve u n\u00e1s?<\/strong><br><strong>Na to je jednoduch\u00e1 odpove\u010f. Okrem kr\u00e1sneho okolia, ktor\u00e9 ho obklopuje a ktor\u00e9 V\u00e1m ubytovanie v Oraviciach \u2013 Apartm\u00e1nov\u00fd dom \u2013 GORAL pon\u00faka, za\u017eijete u n\u00e1s mnoho nezabudnute\u013en\u00fdch z\u00e1\u017eitkov. P\u00fdtate sa ak\u00fdch? No napr\u00edklad tak\u00e9 posedenie pri \u013eudovej muzike, pr\u00edjemn\u00e1 jazda na koni \u010di relax v okolit\u00fdch aquaparkoch. Ak by ste sa ve\u013emi nudili alebo bolo vonku \u0161kared\u00e9 po\u010dasie (lebo to zabezpe\u010di\u0165 nevieme), m\u00e1me tu pre V\u00e1s tepl\u00fd lie\u010div\u00fd prame\u0148 Oravice, ktor\u00fd sa nach\u00e1dz iba 20m od n\u00e1\u0161ho ubytovania Goral. Pri dobrom po\u010das\u00ed m\u00e1me pre V\u00e1s alt\u00e1nok \u010di ohnisko, ktor\u00e9 m\u00f4\u017eete vyu\u017ei\u0165 na pr\u00edjemn\u00fa opeka\u010dku s rodinou alebo priate\u013emi. Zaparkovanie V\u00e1\u0161ho auto nebude \u017eiaden probl\u00e9m, lebo v are\u00e1li ubytovania m\u00e1me bezplatn\u00e9 parkovisko.<\/strong><br><strong>Pobyt u n\u00e1s V\u00e1m zaru\u010d\u00ed pr\u00edjemn\u00fd \u010das na relax\u00e1ciu, kr\u00e1sne prostredie Orav\u00edc a aj Z\u00e1padn\u00fdch Tatier, ktor\u00e9 vid\u00edte priamo z okien, \u010dist\u00fd tatransk\u00fd vzduch, ktor\u00fd v mest\u00e1ch ur\u010dite nen\u00e1jdete, mno\u017estvo atrakci\u00ed a mo\u017enosti vyu\u017eitia V\u00e1\u0161ho vo\u013en\u00e9ho \u010dasu<\/strong>.<br>Term\u00e1lne k\u00fapalisko Oravice&nbsp;<strong>0,1km<\/strong><br>Jur\u00e1\u0148ov\u00e1 dolina&nbsp;<strong>0,1km<\/strong><br>Meander Park&nbsp;<strong>0,2km<\/strong><br>Skipark Oravice&nbsp;<strong>0,3km<\/strong><br>Rozh\u013ead\u0148a Skoru\u0161ina&nbsp;<strong>3,3km<\/strong><br>Ly\u017eiarske stredisko Brezovica&nbsp;<strong>5,9km<\/strong><br>Lanov\u00e1 Dr\u00e1ha Tarzanka&nbsp;<strong>6,7km<\/strong><br>M\u00fazeum oravskej dediny<strong>&nbsp;6,7km<\/strong><br>Brestovsk\u00e1 jasky\u0148a&nbsp;<strong>6,8km<\/strong><br>Ly\u017eiarske stredisko Zverovka \u2013 Sp\u00e1len\u00e1&nbsp;<strong>7,4km<\/strong><br>Jazdeck\u00e1 \u0161kola&nbsp;<strong>7,6km<\/strong><br>Ly\u017eiarske stredisko Janovky a Milot\u00edn&nbsp;<strong>9,3km<\/strong><br>Roh\u00e1\u010dske ples\u00e1&nbsp;<strong>10,3km<\/strong><br>Ban\u00edkovsk\u00e9 sedlo 1<strong>1,3km<\/strong><br>Gotick\u00fd dreven\u00fd kostol&nbsp;<strong>12,2km<\/strong><br>SkiCentrum Uhlisk\u00e1&nbsp;<strong>13,5km<\/strong> <\/p>\n\n\n\n<p>..<\/p>\n\n\n\n<p><\/p>\n\n\n\n<figure class=\"wp-block-image\"><img alt=\"\"\/><\/figure>\n","protected":false},"excerpt":{"rendered":"<p>V\u00edtame v\u00e1s na str\u00e1nkach Apartm\u00e1nov\u00fd dom \u201eGoral\u201c \u2013 Ubytovanie v Oraviciach, ktor\u00fd v\u00e1m pon\u00faka ubytovanie v prekr\u00e1snom prostred\u00ed Oravsk\u00fdch h\u00f4r s obrovsk\u00fdmi mo\u017enos\u0165ami z\u00e1bavy, relaxu \u010di \u0161portu.Pre\u010do by ste sa mali ubytova\u0165 pr\u00e1ve u n\u00e1s?Na &#8230;<\/p>\n","protected":false},"author":1,"featured_media":0,"parent":0,"menu_order":0,"comment_status":"closed","ping_status":"open","template":"template\/template-homepage.php","meta":[],"_links":{"self":[{"href":"https:\/\/apartmanygoral.sk\/index.php?rest_route=\/wp\/v2\/pages\/2"}],"collection":[{"href":"https:\/\/apartmanygoral.sk\/index.php?rest_route=\/wp\/v2\/pages"}],"about":[{"href":"https:\/\/apartmanygoral.sk\/index.php?rest_route=\/wp\/v2\/types\/page"}],"author":[{"embeddable":true,"href":"https:\/\/apartmanygoral.sk\/index.php?rest_route=\/wp\/v2\/users\/1"}],"replies":[{"embeddable":true,"href":"https:\/\/apartmanygoral.sk\/index.php?rest_route=%2Fwp%2Fv2%2Fcomments&post=2"}],"version-history":[{"count":4,"href":"https:\/\/apartmanygoral.sk\/index.php?rest_route=\/wp\/v2\/pages\/2\/revisions"}],"predecessor-version":[{"id":161,"href":"https:\/\/apartmanygoral.sk\/index.php?rest_route=\/wp\/v2\/pages\/2\/revisions\/161"}],"wp:attachment":[{"href":"https:\/\/apartmanygoral.sk\/index.php?rest_route=%2Fwp%2Fv2%2Fmedia&parent=2"}],"curies":[{"name":"wp","href":"https:\/\/api.w.org\/{rel}","templated":true}]}}